
{"id":148,"date":"2022-08-25T09:02:35","date_gmt":"2022-08-25T07:02:35","guid":{"rendered":"https:\/\/airsopure.nl\/?page_id=148"},"modified":"2026-01-21T13:22:03","modified_gmt":"2026-01-21T12:22:03","slug":"a-world-of-wellbeing","status":"publish","type":"page","link":"https:\/\/airsopure.nl\/de\/a-world-of-wellbeing\/","title":{"rendered":"A world of wellbeing"},"content":{"rendered":"<div data-elementor-type=\"wp-page\" data-elementor-id=\"148\" class=\"elementor elementor-148\" data-elementor-post-type=\"page\">\n\t\t\t\t<div class=\"elementor-element elementor-element-b0318a7 e-con-full e-flex e-con e-parent\" data-id=\"b0318a7\" data-element_type=\"container\" data-e-type=\"container\" data-settings=\"{&quot;background_background&quot;:&quot;classic&quot;}\">\n\t\t<div class=\"elementor-element elementor-element-74b214f e-con-full e-flex e-con e-child\" data-id=\"74b214f\" data-element_type=\"container\" data-e-type=\"container\">\n\t\t\t\t<div class=\"elementor-element elementor-element-dc17c93 elementor-widget elementor-widget-image\" data-id=\"dc17c93\" data-element_type=\"widget\" data-e-type=\"widget\" data-widget_type=\"image.default\">\n\t\t\t\t<div class=\"elementor-widget-container\">\n\t\t\t\t\t\t\t\t\t\t\t\t\t\t\t<img fetchpriority=\"high\" decoding=\"async\" width=\"800\" height=\"534\" src=\"https:\/\/airsopure.nl\/wp-content\/uploads\/2022\/08\/Air-So-Pure-Slapen-2-1024x683.jpg\" class=\"attachment-large size-large wp-image-945\" alt=\"\" srcset=\"https:\/\/airsopure.nl\/wp-content\/uploads\/2022\/08\/Air-So-Pure-Slapen-2-1024x683.jpg 1024w, https:\/\/airsopure.nl\/wp-content\/uploads\/2022\/08\/Air-So-Pure-Slapen-2-300x200.jpg 300w, https:\/\/airsopure.nl\/wp-content\/uploads\/2022\/08\/Air-So-Pure-Slapen-2-768x512.jpg 768w, https:\/\/airsopure.nl\/wp-content\/uploads\/2022\/08\/Air-So-Pure-Slapen-2-1536x1025.jpg 1536w, https:\/\/airsopure.nl\/wp-content\/uploads\/2022\/08\/Air-So-Pure-Slapen-2.jpg 1619w\" sizes=\"(max-width: 800px) 100vw, 800px\" \/>\t\t\t\t\t\t\t\t\t\t\t\t\t\t\t<\/div>\n\t\t\t\t<\/div>\n\t\t\t\t<\/div>\n\t\t<div class=\"elementor-element elementor-element-5673052 e-con-full e-flex e-con e-child\" data-id=\"5673052\" data-element_type=\"container\" data-e-type=\"container\" data-settings=\"{&quot;background_background&quot;:&quot;classic&quot;}\">\n\t\t\t\t<div class=\"elementor-element elementor-element-e2979d6 elementor-widget elementor-widget-heading\" data-id=\"e2979d6\" data-element_type=\"widget\" data-e-type=\"widget\" data-widget_type=\"heading.default\">\n\t\t\t\t<div class=\"elementor-widget-container\">\n\t\t\t\t\t<h3 class=\"elementor-heading-title elementor-size-default\">\u00dcBER UNS<\/h3>\t\t\t\t<\/div>\n\t\t\t\t<\/div>\n\t\t\t\t<div class=\"elementor-element elementor-element-2cec634 elementor-widget__width-initial elementor-widget elementor-widget-heading\" data-id=\"2cec634\" data-element_type=\"widget\" data-e-type=\"widget\" data-widget_type=\"heading.default\">\n\t\t\t\t<div class=\"elementor-widget-container\">\n\t\t\t\t\t<h2 class=\"elementor-heading-title elementor-size-default\">Unsere Brandstory<\/h2>\t\t\t\t<\/div>\n\t\t\t\t<\/div>\n\t\t\t\t<div class=\"elementor-element elementor-element-50d59ff elementor-widget__width-initial elementor-widget elementor-widget-text-editor\" data-id=\"50d59ff\" data-element_type=\"widget\" data-e-type=\"widget\" data-widget_type=\"text-editor.default\">\n\t\t\t\t<div class=\"elementor-widget-container\">\n\t\t\t\t\t\t\t\t\t<p>Wasser, Erde und Luft. Die wichtigsten Zutaten f\u00fcr das\u00a0<strong>Leben auf der Erde<\/strong>. Ein Leben voller Freude. Bedeutung. Wachstum und Aufmerksamkeit. Eine Welt, die sich zunehmend\u00a0<strong>der Kraft der Natur<\/strong>\u00a0und der Bedeutung eines\u00a0<strong>gesunden Lebensumfelds bewusst wird<\/strong>. Eine Welt, in der die Menschen zunehmend in Harmonie mit den Elementen der Erde leben wollen. Sie gibt uns\u00a0<strong>innere Ruhe<\/strong>,\u00a0<strong>Energie<\/strong>\u00a0und\u00a0<strong>Balance<\/strong>. Sie sorgt f\u00fcr\u00a0<strong>Entspannung<\/strong>,\u00a0<strong>Konzentration<\/strong>\u00a0und\u00a0<strong>Verbindung<\/strong>. Aus diesem Grund hat sich Air So Pure einer Revolution verschrieben. Eine gr\u00fcne Revolution, die zum Wohlbefinden von uns allen beitr\u00e4gt. In der Schule, zu Hause, im B\u00fcro und im \u00f6ffentlichen Raum.<\/p><p>Die Air So Pure <a href=\"https:\/\/stg-airsopure-staging.kinsta.cloud\/assortiment\/\" target=\"_blank\" rel=\"noopener\"><b>Kollektion<\/b><\/a>\u00a0wurde aufgrund ihrer besonderen\u00a0<strong>luftreinigenden Eigenschaften<\/strong>\u00a0ausgew\u00e4hlt, die den Unterschied zwischen einer gew\u00f6hnlichen Pflanze und Pflanzen ausmachen, die zu einem\u00a0<strong>gesunden<\/strong>\u00a0<strong>Wohn<\/strong>-,\u00a0<strong>Arbeits<\/strong>- und\u00a0<strong>Entspannungsumfeld<\/strong>beitragen. Mit Liebe, Aufmerksamkeit und Sorgfalt gez\u00fcchtet, genau so, wie wir die Welt umarmen sollten. Wir erhalten sie in doppelter Weise zur\u00fcck. Entdecken Sie die\u00a0<strong><a href=\"\/de\/\">luftreinigenden Pflanzen<\/a>\u00a0<\/strong>von Air So Pure und erschaffen...<\/p>\t\t\t\t\t\t\t\t<\/div>\n\t\t\t\t<\/div>\n\t\t\t\t<div class=\"elementor-element elementor-element-c13f8c9 elementor-widget elementor-widget-heading\" data-id=\"c13f8c9\" data-element_type=\"widget\" data-e-type=\"widget\" data-widget_type=\"heading.default\">\n\t\t\t\t<div class=\"elementor-widget-container\">\n\t\t\t\t\t<h2 class=\"elementor-heading-title elementor-size-default\">..a World of Wellbeing.<\/h2>\t\t\t\t<\/div>\n\t\t\t\t<\/div>\n\t\t\t\t<\/div>\n\t\t\t\t<\/div>\n\t\t<div class=\"elementor-element elementor-element-9c6bda0 e-con-full e-flex e-con e-parent\" data-id=\"9c6bda0\" data-element_type=\"container\" data-e-type=\"container\">\n\t\t<div class=\"elementor-element elementor-element-b53178d e-con-full e-flex e-con e-child\" data-id=\"b53178d\" data-element_type=\"container\" data-e-type=\"container\" data-settings=\"{&quot;background_background&quot;:&quot;gradient&quot;}\">\n\t\t\t\t<div class=\"elementor-element elementor-element-44ccfdd elementor-widget elementor-widget-heading\" data-id=\"44ccfdd\" data-element_type=\"widget\" data-e-type=\"widget\" data-widget_type=\"heading.default\">\n\t\t\t\t<div class=\"elementor-widget-container\">\n\t\t\t\t\t<h3 class=\"elementor-heading-title elementor-size-default\">Luftreinigende Pflanzen<\/h3>\t\t\t\t<\/div>\n\t\t\t\t<\/div>\n\t\t\t\t<div class=\"elementor-element elementor-element-14e023c elementor-widget elementor-widget-heading\" data-id=\"14e023c\" data-element_type=\"widget\" data-e-type=\"widget\" data-widget_type=\"heading.default\">\n\t\t\t\t<div class=\"elementor-widget-container\">\n\t\t\t\t\t<h2 class=\"elementor-heading-title elementor-size-default\">Unsere Welten<\/h2>\t\t\t\t<\/div>\n\t\t\t\t<\/div>\n\t\t<div class=\"elementor-element elementor-element-e966ec7 e-con-full e-flex e-con e-child\" data-id=\"e966ec7\" data-element_type=\"container\" data-e-type=\"container\">\n\t\t<div class=\"elementor-element elementor-element-61e11cf e-con-full e-flex e-con e-child\" data-id=\"61e11cf\" data-element_type=\"container\" data-e-type=\"container\" data-settings=\"{&quot;background_background&quot;:&quot;classic&quot;}\">\n\t\t\t\t<div class=\"elementor-element elementor-element-7a792ef elementor-widget elementor-widget-heading\" data-id=\"7a792ef\" data-element_type=\"widget\" data-e-type=\"widget\" data-widget_type=\"heading.default\">\n\t\t\t\t<div class=\"elementor-widget-container\">\n\t\t\t\t\t<h2 class=\"elementor-heading-title elementor-size-default\">Wohnen<\/h2>\t\t\t\t<\/div>\n\t\t\t\t<\/div>\n\t\t\t\t<div class=\"elementor-element elementor-element-aedc956 elementor-widget elementor-widget-text-editor\" data-id=\"aedc956\" data-element_type=\"widget\" data-e-type=\"widget\" data-widget_type=\"text-editor.default\">\n\t\t\t\t<div class=\"elementor-widget-container\">\n\t\t\t\t\t\t\t\t\t<p>Angenehmes Wohnen mit unseren beliebten luftreinigenden Zimmerpflanzen, die f\u00fcr mehr Sauerstoff, bessere Luftfeuchtigkeit und stimmungsvolle Dekoration sorgen.<\/p>\t\t\t\t\t\t\t\t<\/div>\n\t\t\t\t<\/div>\n\t\t\t\t<\/div>\n\t\t<div class=\"elementor-element elementor-element-e06b588 e-con-full e-flex e-con e-child\" data-id=\"e06b588\" data-element_type=\"container\" data-e-type=\"container\" data-settings=\"{&quot;background_background&quot;:&quot;classic&quot;}\">\n\t\t\t\t<div class=\"elementor-element elementor-element-dfd6ce5 elementor-widget elementor-widget-heading\" data-id=\"dfd6ce5\" data-element_type=\"widget\" data-e-type=\"widget\" data-widget_type=\"heading.default\">\n\t\t\t\t<div class=\"elementor-widget-container\">\n\t\t\t\t\t<h2 class=\"elementor-heading-title elementor-size-default\"><a href=\"https:\/\/airsopure.nl\/de\/a-world-of-wellbeing\/werken\/\">Arbeiten<\/a><\/h2>\t\t\t\t<\/div>\n\t\t\t\t<\/div>\n\t\t\t\t<div class=\"elementor-element elementor-element-0cc7886 elementor-widget elementor-widget-text-editor\" data-id=\"0cc7886\" data-element_type=\"widget\" data-e-type=\"widget\" data-widget_type=\"text-editor.default\">\n\t\t\t\t<div class=\"elementor-widget-container\">\n\t\t\t\t\t\t\t\t\t<p>Luchtzuiverende planten zorgen voor een groene werkplek met een betere luchtkwaliteit, waar onze planten bijdragen aan creativiteit en concentratie.<\/p>\t\t\t\t\t\t\t\t<\/div>\n\t\t\t\t<\/div>\n\t\t\t\t<\/div>\n\t\t<div class=\"elementor-element elementor-element-aeafaf0 e-con-full e-flex e-con e-child\" data-id=\"aeafaf0\" data-element_type=\"container\" data-e-type=\"container\" data-settings=\"{&quot;background_background&quot;:&quot;classic&quot;}\">\n\t\t\t\t<div class=\"elementor-element elementor-element-d3457f1 elementor-widget elementor-widget-heading\" data-id=\"d3457f1\" data-element_type=\"widget\" data-e-type=\"widget\" data-widget_type=\"heading.default\">\n\t\t\t\t<div class=\"elementor-widget-container\">\n\t\t\t\t\t<h2 class=\"elementor-heading-title elementor-size-default\"><a href=\"https:\/\/airsopure.nl\/de\/a-world-of-wellbeing\/leren\/\">Lernen<\/a><\/h2>\t\t\t\t<\/div>\n\t\t\t\t<\/div>\n\t\t\t\t<div class=\"elementor-element elementor-element-9df6f96 elementor-widget elementor-widget-text-editor\" data-id=\"9df6f96\" data-element_type=\"widget\" data-e-type=\"widget\" data-widget_type=\"text-editor.default\">\n\t\t\t\t<div class=\"elementor-widget-container\">\n\t\t\t\t\t\t\t\t\t<p>Unsere speziellen Pflanzen beseitigen \"\u00fcble Ger\u00fcche\" und wandeln Co2 effektiv in Sauerstoff um, sie absorbieren L\u00e4rm und tragen zu besseren Lernleistungen bei.<\/p>\t\t\t\t\t\t\t\t<\/div>\n\t\t\t\t<\/div>\n\t\t\t\t<\/div>\n\t\t<div class=\"elementor-element elementor-element-b5c583a e-con-full e-flex e-con e-child\" data-id=\"b5c583a\" data-element_type=\"container\" data-e-type=\"container\" data-settings=\"{&quot;background_background&quot;:&quot;classic&quot;}\">\n\t\t\t\t<div class=\"elementor-element elementor-element-a649bd8 elementor-widget elementor-widget-heading\" data-id=\"a649bd8\" data-element_type=\"widget\" data-e-type=\"widget\" data-widget_type=\"heading.default\">\n\t\t\t\t<div class=\"elementor-widget-container\">\n\t\t\t\t\t<h2 class=\"elementor-heading-title elementor-size-default\">Entspannen<\/h2>\t\t\t\t<\/div>\n\t\t\t\t<\/div>\n\t\t\t\t<div class=\"elementor-element elementor-element-15e8fe0 elementor-widget elementor-widget-text-editor\" data-id=\"15e8fe0\" data-element_type=\"widget\" data-e-type=\"widget\" data-widget_type=\"text-editor.default\">\n\t\t\t\t<div class=\"elementor-widget-container\">\n\t\t\t\t\t\t\t\t\t<p>Entspannen Sie sich und werden Sie gl\u00fccklicher mit unseren luftreinigenden Pflanzen um Sie herum. Sie erh\u00f6hen die Lebensqualit\u00e4t im Alltag, helfen zu entspannen und sich geistig zu erholen.<\/p>\t\t\t\t\t\t\t\t<\/div>\n\t\t\t\t<\/div>\n\t\t\t\t<\/div>\n\t\t\t\t<\/div>\n\t\t\t\t<\/div>\n\t\t\t\t<\/div>\n\t\t<div class=\"elementor-element elementor-element-b953e9e e-flex e-con-boxed e-con e-parent\" data-id=\"b953e9e\" data-element_type=\"container\" data-e-type=\"container\">\n\t\t\t\t\t<div class=\"e-con-inner\">\n\t\t\t\t\t<\/div>\n\t\t\t\t<\/div>\n\t\t\t\t<\/div>","protected":false},"excerpt":{"rendered":"<p>OVER ONS Onze brandstory Water, aarde en lucht. De belangrijkste ingredi\u00ebnten voor\u00a0leven op aarde. Ons leven. Een leven vol plezier. Betekenis. Groei en aandacht. Een wereld die zich steeds bewuster wordt van de\u00a0kracht van de natuur\u00a0en het belang van een\u00a0gezonde leefomgeving. Een wereld waar mensen meer en meer in harmonie willen zijn met de elementen [&hellip;]<\/p>\n","protected":false},"author":1,"featured_media":0,"parent":0,"menu_order":0,"comment_status":"closed","ping_status":"closed","template":"","meta":{"content-type":"","inline_featured_image":false,"footnotes":""},"class_list":["post-148","page","type-page","status-publish","hentry"],"_links":{"self":[{"href":"https:\/\/airsopure.nl\/de\/wp-json\/wp\/v2\/pages\/148","targetHints":{"allow":["GET"]}}],"collection":[{"href":"https:\/\/airsopure.nl\/de\/wp-json\/wp\/v2\/pages"}],"about":[{"href":"https:\/\/airsopure.nl\/de\/wp-json\/wp\/v2\/types\/page"}],"author":[{"embeddable":true,"href":"https:\/\/airsopure.nl\/de\/wp-json\/wp\/v2\/users\/1"}],"replies":[{"embeddable":true,"href":"https:\/\/airsopure.nl\/de\/wp-json\/wp\/v2\/comments?post=148"}],"version-history":[{"count":25,"href":"https:\/\/airsopure.nl\/de\/wp-json\/wp\/v2\/pages\/148\/revisions"}],"predecessor-version":[{"id":7294,"href":"https:\/\/airsopure.nl\/de\/wp-json\/wp\/v2\/pages\/148\/revisions\/7294"}],"wp:attachment":[{"href":"https:\/\/airsopure.nl\/de\/wp-json\/wp\/v2\/media?parent=148"}],"curies":[{"name":"wp","href":"https:\/\/api.w.org\/{rel}","templated":true}]}}