
{"id":148,"date":"2022-08-25T09:02:35","date_gmt":"2022-08-25T07:02:35","guid":{"rendered":"https:\/\/airsopure.nl\/?page_id=148"},"modified":"2026-01-21T13:22:03","modified_gmt":"2026-01-21T12:22:03","slug":"a-world-of-wellbeing","status":"publish","type":"page","link":"https:\/\/airsopure.nl\/pl\/a-world-of-wellbeing\/","title":{"rendered":"A world of wellbeing"},"content":{"rendered":"<div data-elementor-type=\"wp-page\" data-elementor-id=\"148\" class=\"elementor elementor-148\" data-elementor-post-type=\"page\">\n\t\t\t\t<div class=\"elementor-element elementor-element-b0318a7 e-con-full e-flex e-con e-parent\" data-id=\"b0318a7\" data-element_type=\"container\" data-e-type=\"container\" data-settings=\"{&quot;background_background&quot;:&quot;classic&quot;}\">\n\t\t<div class=\"elementor-element elementor-element-74b214f e-con-full e-flex e-con e-child\" data-id=\"74b214f\" data-element_type=\"container\" data-e-type=\"container\">\n\t\t\t\t<div class=\"elementor-element elementor-element-dc17c93 elementor-widget elementor-widget-image\" data-id=\"dc17c93\" data-element_type=\"widget\" data-e-type=\"widget\" data-widget_type=\"image.default\">\n\t\t\t\t<div class=\"elementor-widget-container\">\n\t\t\t\t\t\t\t\t\t\t\t\t\t\t\t<img fetchpriority=\"high\" decoding=\"async\" width=\"800\" height=\"534\" src=\"https:\/\/airsopure.nl\/wp-content\/uploads\/2022\/08\/Air-So-Pure-Slapen-2-1024x683.jpg\" class=\"attachment-large size-large wp-image-945\" alt=\"\" srcset=\"https:\/\/airsopure.nl\/wp-content\/uploads\/2022\/08\/Air-So-Pure-Slapen-2-1024x683.jpg 1024w, https:\/\/airsopure.nl\/wp-content\/uploads\/2022\/08\/Air-So-Pure-Slapen-2-300x200.jpg 300w, https:\/\/airsopure.nl\/wp-content\/uploads\/2022\/08\/Air-So-Pure-Slapen-2-768x512.jpg 768w, https:\/\/airsopure.nl\/wp-content\/uploads\/2022\/08\/Air-So-Pure-Slapen-2-1536x1025.jpg 1536w, https:\/\/airsopure.nl\/wp-content\/uploads\/2022\/08\/Air-So-Pure-Slapen-2.jpg 1619w\" sizes=\"(max-width: 800px) 100vw, 800px\" \/>\t\t\t\t\t\t\t\t\t\t\t\t\t\t\t<\/div>\n\t\t\t\t<\/div>\n\t\t\t\t<\/div>\n\t\t<div class=\"elementor-element elementor-element-5673052 e-con-full e-flex e-con e-child\" data-id=\"5673052\" data-element_type=\"container\" data-e-type=\"container\" data-settings=\"{&quot;background_background&quot;:&quot;classic&quot;}\">\n\t\t\t\t<div class=\"elementor-element elementor-element-e2979d6 elementor-widget elementor-widget-heading\" data-id=\"e2979d6\" data-element_type=\"widget\" data-e-type=\"widget\" data-widget_type=\"heading.default\">\n\t\t\t\t<div class=\"elementor-widget-container\">\n\t\t\t\t\t<h3 class=\"elementor-heading-title elementor-size-default\">O NAS<\/h3>\t\t\t\t<\/div>\n\t\t\t\t<\/div>\n\t\t\t\t<div class=\"elementor-element elementor-element-2cec634 elementor-widget__width-initial elementor-widget elementor-widget-heading\" data-id=\"2cec634\" data-element_type=\"widget\" data-e-type=\"widget\" data-widget_type=\"heading.default\">\n\t\t\t\t<div class=\"elementor-widget-container\">\n\t\t\t\t\t<h2 class=\"elementor-heading-title elementor-size-default\">Historia naszej marki<\/h2>\t\t\t\t<\/div>\n\t\t\t\t<\/div>\n\t\t\t\t<div class=\"elementor-element elementor-element-50d59ff elementor-widget__width-initial elementor-widget elementor-widget-text-editor\" data-id=\"50d59ff\" data-element_type=\"widget\" data-e-type=\"widget\" data-widget_type=\"text-editor.default\">\n\t\t\t\t<div class=\"elementor-widget-container\">\n\t\t\t\t\t\t\t\t\t<p>Woda, ziemia i powietrze. Kluczowe sk\u0142adniki\u00a0<strong>\u017cycia na Ziemi<\/strong>. Nasze \u017cycie. \u017bycie pe\u0142ne rado\u015bci. Znaczenie. Wzrost i uwaga. \u015awiat coraz bardziej \u015bwiadomy\u00a0<strong>pot\u0119gi natury<\/strong>\u00a0i znaczenia\u00a0<strong>zdrowego \u015brodowiska \u017cycia<\/strong>. \u015awiat, w kt\u00f3rym ludzie coraz cz\u0119\u015bciej chc\u0105 by\u0107 w harmonii z elementami ziemi. Daje nam\u00a0<strong>wewn\u0119trzny spok\u00f3j,<\/strong>,\u00a0<strong>energi\u0119<\/strong>\u00a0i\u00a0<strong>r\u00f3wnowag\u0119<\/strong>. Zapewnia\u00a0<strong>relaks<\/strong>,\u00a0<strong>skupienie<\/strong>\u00a0i\u00a0<strong>po\u0142\u0105czenie<\/strong>. Dlatego Air So Pure stawia na rewolucj\u0119. Zielona rewolucja, kt\u00f3ra przyczynia si\u0119 do dobrobytu nas wszystkich. W szkole, w domu, w biurze i w przestrzeni publicznej.<\/p><p>De Air So Pure <a href=\"https:\/\/stg-airsopure-staging.kinsta.cloud\/assortiment\/\" target=\"_blank\" rel=\"noopener\"><b>kolekcji<\/b><\/a>\u00a0zosta\u0142a wybrana ze wzgl\u0119du na\u00a0<strong>w\u0142a\u015bciwo\u015bci oczyszczaj\u0105ce powietrze<\/strong>\u00a0kt\u00f3re odr\u00f3\u017cniaj\u0105 zwyk\u0142\u0105 ro\u015blin\u0119 od ro\u015blin, kt\u00f3re przyczyniaj\u0105 si\u0119 do\u00a0<strong>zdrowego<\/strong>\u00a0<strong>\u015brodowiska \u017cycia<\/strong>-,\u00a0<strong>pracy<\/strong>- i\u00a0<strong>wypoczynku<\/strong>. Uprawiane z mi\u0142o\u015bci\u0105, uwag\u0105 i trosk\u0105, dok\u0142adnie tak, jak powinni\u015bmy ogarnia\u0107 \u015bwiat. Otrzymujemy go z powrotem z nowiozko. Odkryj\u00a0<strong><a href=\"\/pl\/\">Oczyszczaj\u0105ce powietrze ro\u015bliny<\/a>\u00a0<\/strong>Air So Pure i stw\u00f3rz...<\/p>\t\t\t\t\t\t\t\t<\/div>\n\t\t\t\t<\/div>\n\t\t\t\t<div class=\"elementor-element elementor-element-c13f8c9 elementor-widget elementor-widget-heading\" data-id=\"c13f8c9\" data-element_type=\"widget\" data-e-type=\"widget\" data-widget_type=\"heading.default\">\n\t\t\t\t<div class=\"elementor-widget-container\">\n\t\t\t\t\t<h2 class=\"elementor-heading-title elementor-size-default\">..a world of wellbeing<\/h2>\t\t\t\t<\/div>\n\t\t\t\t<\/div>\n\t\t\t\t<\/div>\n\t\t\t\t<\/div>\n\t\t<div class=\"elementor-element elementor-element-9c6bda0 e-con-full e-flex e-con e-parent\" data-id=\"9c6bda0\" data-element_type=\"container\" data-e-type=\"container\">\n\t\t<div class=\"elementor-element elementor-element-b53178d e-con-full e-flex e-con e-child\" data-id=\"b53178d\" data-element_type=\"container\" data-e-type=\"container\" data-settings=\"{&quot;background_background&quot;:&quot;gradient&quot;}\">\n\t\t\t\t<div class=\"elementor-element elementor-element-44ccfdd elementor-widget elementor-widget-heading\" data-id=\"44ccfdd\" data-element_type=\"widget\" data-e-type=\"widget\" data-widget_type=\"heading.default\">\n\t\t\t\t<div class=\"elementor-widget-container\">\n\t\t\t\t\t<h3 class=\"elementor-heading-title elementor-size-default\">Ro\u015bliny oczyszczaj\u0105ce powietrze<\/h3>\t\t\t\t<\/div>\n\t\t\t\t<\/div>\n\t\t\t\t<div class=\"elementor-element elementor-element-14e023c elementor-widget elementor-widget-heading\" data-id=\"14e023c\" data-element_type=\"widget\" data-e-type=\"widget\" data-widget_type=\"heading.default\">\n\t\t\t\t<div class=\"elementor-widget-container\">\n\t\t\t\t\t<h2 class=\"elementor-heading-title elementor-size-default\">Nasze \u015bwiaty<\/h2>\t\t\t\t<\/div>\n\t\t\t\t<\/div>\n\t\t<div class=\"elementor-element elementor-element-e966ec7 e-con-full e-flex e-con e-child\" data-id=\"e966ec7\" data-element_type=\"container\" data-e-type=\"container\">\n\t\t<div class=\"elementor-element elementor-element-61e11cf e-con-full e-flex e-con e-child\" data-id=\"61e11cf\" data-element_type=\"container\" data-e-type=\"container\" data-settings=\"{&quot;background_background&quot;:&quot;classic&quot;}\">\n\t\t\t\t<div class=\"elementor-element elementor-element-7a792ef elementor-widget elementor-widget-heading\" data-id=\"7a792ef\" data-element_type=\"widget\" data-e-type=\"widget\" data-widget_type=\"heading.default\">\n\t\t\t\t<div class=\"elementor-widget-container\">\n\t\t\t\t\t<h2 class=\"elementor-heading-title elementor-size-default\">Mieszkanie<\/h2>\t\t\t\t<\/div>\n\t\t\t\t<\/div>\n\t\t\t\t<div class=\"elementor-element elementor-element-aedc956 elementor-widget elementor-widget-text-editor\" data-id=\"aedc956\" data-element_type=\"widget\" data-e-type=\"widget\" data-widget_type=\"text-editor.default\">\n\t\t\t\t<div class=\"elementor-widget-container\">\n\t\t\t\t\t\t\t\t\t<p>Przyjemne \u017cycie z naszymi popularnymi ro\u015blinami domowymi oczyszczaj\u0105cymi powietrze, kt\u00f3re zapewniaj\u0105 wi\u0119cej tlenu, lepsz\u0105 wilgotno\u015b\u0107 i dekoracj\u0119 atmosfery.<\/p>\t\t\t\t\t\t\t\t<\/div>\n\t\t\t\t<\/div>\n\t\t\t\t<\/div>\n\t\t<div class=\"elementor-element elementor-element-e06b588 e-con-full e-flex e-con e-child\" data-id=\"e06b588\" data-element_type=\"container\" data-e-type=\"container\" data-settings=\"{&quot;background_background&quot;:&quot;classic&quot;}\">\n\t\t\t\t<div class=\"elementor-element elementor-element-dfd6ce5 elementor-widget elementor-widget-heading\" data-id=\"dfd6ce5\" data-element_type=\"widget\" data-e-type=\"widget\" data-widget_type=\"heading.default\">\n\t\t\t\t<div class=\"elementor-widget-container\">\n\t\t\t\t\t<h2 class=\"elementor-heading-title elementor-size-default\"><a href=\"https:\/\/airsopure.nl\/pl\/a-world-of-wellbeing\/werken\/\">Praca<\/a><\/h2>\t\t\t\t<\/div>\n\t\t\t\t<\/div>\n\t\t\t\t<div class=\"elementor-element elementor-element-0cc7886 elementor-widget elementor-widget-text-editor\" data-id=\"0cc7886\" data-element_type=\"widget\" data-e-type=\"widget\" data-widget_type=\"text-editor.default\">\n\t\t\t\t<div class=\"elementor-widget-container\">\n\t\t\t\t\t\t\t\t\t<p>Luchtzuiverende planten zorgen voor een groene werkplek met een betere luchtkwaliteit, waar onze planten bijdragen aan creativiteit en concentratie.<\/p>\t\t\t\t\t\t\t\t<\/div>\n\t\t\t\t<\/div>\n\t\t\t\t<\/div>\n\t\t<div class=\"elementor-element elementor-element-aeafaf0 e-con-full e-flex e-con e-child\" data-id=\"aeafaf0\" data-element_type=\"container\" data-e-type=\"container\" data-settings=\"{&quot;background_background&quot;:&quot;classic&quot;}\">\n\t\t\t\t<div class=\"elementor-element elementor-element-d3457f1 elementor-widget elementor-widget-heading\" data-id=\"d3457f1\" data-element_type=\"widget\" data-e-type=\"widget\" data-widget_type=\"heading.default\">\n\t\t\t\t<div class=\"elementor-widget-container\">\n\t\t\t\t\t<h2 class=\"elementor-heading-title elementor-size-default\"><a href=\"https:\/\/airsopure.nl\/pl\/a-world-of-wellbeing\/leren\/\">Nauka<\/a><\/h2>\t\t\t\t<\/div>\n\t\t\t\t<\/div>\n\t\t\t\t<div class=\"elementor-element elementor-element-9df6f96 elementor-widget elementor-widget-text-editor\" data-id=\"9df6f96\" data-element_type=\"widget\" data-e-type=\"widget\" data-widget_type=\"text-editor.default\">\n\t\t\t\t<div class=\"elementor-widget-container\">\n\t\t\t\t\t\t\t\t\t<p>Nasze specjalne ro\u015bliny usuwaj\u0105 \"przykre zapachy\" i skutecznie przekszta\u0142caj\u0105 Co2 w tlen, poch\u0142aniaj\u0105 ha\u0142as i przyczyniaj\u0105 si\u0119 do lepszej nauki.<\/p>\t\t\t\t\t\t\t\t<\/div>\n\t\t\t\t<\/div>\n\t\t\t\t<\/div>\n\t\t<div class=\"elementor-element elementor-element-b5c583a e-con-full e-flex e-con e-child\" data-id=\"b5c583a\" data-element_type=\"container\" data-e-type=\"container\" data-settings=\"{&quot;background_background&quot;:&quot;classic&quot;}\">\n\t\t\t\t<div class=\"elementor-element elementor-element-a649bd8 elementor-widget elementor-widget-heading\" data-id=\"a649bd8\" data-element_type=\"widget\" data-e-type=\"widget\" data-widget_type=\"heading.default\">\n\t\t\t\t<div class=\"elementor-widget-container\">\n\t\t\t\t\t<h2 class=\"elementor-heading-title elementor-size-default\">Relax<\/h2>\t\t\t\t<\/div>\n\t\t\t\t<\/div>\n\t\t\t\t<div class=\"elementor-element elementor-element-15e8fe0 elementor-widget elementor-widget-text-editor\" data-id=\"15e8fe0\" data-element_type=\"widget\" data-e-type=\"widget\" data-widget_type=\"text-editor.default\">\n\t\t\t\t<div class=\"elementor-widget-container\">\n\t\t\t\t\t\t\t\t\t<p>Zrelaksuj si\u0119 i sta\u0144 si\u0119 szcz\u0119\u015bliwszy z naszymi ro\u015blinami oczyszczaj\u0105cymi powietrze wok\u00f3\u0142 Ciebie. Podnosz\u0105 one jako\u015b\u0107 codziennego \u017cycia, pomagaj\u0105 si\u0119 zrelaksowa\u0107 i zregenerowa\u0107 psychicznie.<\/p>\t\t\t\t\t\t\t\t<\/div>\n\t\t\t\t<\/div>\n\t\t\t\t<\/div>\n\t\t\t\t<\/div>\n\t\t\t\t<\/div>\n\t\t\t\t<\/div>\n\t\t<div class=\"elementor-element elementor-element-b953e9e e-flex e-con-boxed e-con e-parent\" data-id=\"b953e9e\" data-element_type=\"container\" data-e-type=\"container\">\n\t\t\t\t\t<div class=\"e-con-inner\">\n\t\t\t\t\t<\/div>\n\t\t\t\t<\/div>\n\t\t\t\t<\/div>","protected":false},"excerpt":{"rendered":"<p>OVER ONS Onze brandstory Water, aarde en lucht. De belangrijkste ingredi\u00ebnten voor\u00a0leven op aarde. Ons leven. Een leven vol plezier. Betekenis. Groei en aandacht. Een wereld die zich steeds bewuster wordt van de\u00a0kracht van de natuur\u00a0en het belang van een\u00a0gezonde leefomgeving. Een wereld waar mensen meer en meer in harmonie willen zijn met de elementen [&hellip;]<\/p>\n","protected":false},"author":1,"featured_media":0,"parent":0,"menu_order":0,"comment_status":"closed","ping_status":"closed","template":"","meta":{"content-type":"","inline_featured_image":false,"footnotes":""},"class_list":["post-148","page","type-page","status-publish","hentry"],"_links":{"self":[{"href":"https:\/\/airsopure.nl\/pl\/wp-json\/wp\/v2\/pages\/148","targetHints":{"allow":["GET"]}}],"collection":[{"href":"https:\/\/airsopure.nl\/pl\/wp-json\/wp\/v2\/pages"}],"about":[{"href":"https:\/\/airsopure.nl\/pl\/wp-json\/wp\/v2\/types\/page"}],"author":[{"embeddable":true,"href":"https:\/\/airsopure.nl\/pl\/wp-json\/wp\/v2\/users\/1"}],"replies":[{"embeddable":true,"href":"https:\/\/airsopure.nl\/pl\/wp-json\/wp\/v2\/comments?post=148"}],"version-history":[{"count":25,"href":"https:\/\/airsopure.nl\/pl\/wp-json\/wp\/v2\/pages\/148\/revisions"}],"predecessor-version":[{"id":7294,"href":"https:\/\/airsopure.nl\/pl\/wp-json\/wp\/v2\/pages\/148\/revisions\/7294"}],"wp:attachment":[{"href":"https:\/\/airsopure.nl\/pl\/wp-json\/wp\/v2\/media?parent=148"}],"curies":[{"name":"wp","href":"https:\/\/api.w.org\/{rel}","templated":true}]}}